{"id":3610,"date":"2024-05-07T16:51:52","date_gmt":"2024-05-07T14:51:52","guid":{"rendered":"https:\/\/oerrepi.com\/maschinen\/"},"modified":"2024-05-07T17:19:07","modified_gmt":"2024-05-07T15:19:07","slug":"maschinen","status":"publish","type":"page","link":"https:\/\/oerrepi.com\/de\/maschinen\/","title":{"rendered":"Maschinen"},"content":{"rendered":"<div class=\"wpb-content-wrapper\"><p>[vc_row full_width=&#8220;stretch_row_content&#8220; content_placement=&#8220;middle&#8220; wrap_container=&#8220;yes&#8220; css=&#8220;.vc_custom_1649953782641{margin-top: 80px !important;}&#8220;][vc_column][vc_row_inner content_placement=&#8220;middle&#8220; css=&#8220;.vc_custom_1649953800820{margin-bottom: 50px !important;}&#8220;][vc_column_inner width=&#8220;1\/2&#8243;]<div class=\"porto-sicon-box  vc_custom_1650019436659  wpb_custom_79a38743588ebe08eeb2285cea5ee7f3 style_1 left-icon\" data-appear-animation=\"fadeInUp\"><div class=\"porto-sicon-body\"><div class=\"porto-sicon-description\" style=\"\">\n<h1 style=\"text-align: left;\">Abteilung <strong style=\"color: #009640;\">Maschinenbearbeitung <\/strong><\/h1>\n<p><\/div> <!-- description --><\/div><\/div><!-- porto-sicon-box --><div class=\"porto-sicon-box  vc_custom_1650019558972  wpb_custom_79a38743588ebe08eeb2285cea5ee7f3 style_1 left-icon\" data-appear-animation=\"fadeInUp\"><div class=\"porto-sicon-body\"><div class=\"porto-sicon-description\" style=\"\">\n<p style=\"text-align: left;\">O.ERRE.PI kann sich zu den wenigen Unternehmen z\u00e4hlen, die mechanische Bearbeitungen betriebsintern ausf\u00fchren: Eine ganze Abteilung ist vollst\u00e4ndig daf\u00fcr bestimmt, Schritt f\u00fcr Schritt unsere Bauteile herzustellen.<\/p>\n<p><!--<\/p>\n\n\n\n\n<p style=\"text-align: left;\"><a class=\"btn btn-outline btn-full-rounded btn-outline-secondary font-weight-bold mt-4\" style=\"padding: 16.5px 38.4px; font-size: 12.8px;\" href=\"https:\/\/oerrepi.com\/contact\/\">REQUEST A DEDICATED SOLUZIONI<br \/>\n<\/a><\/p>\n\n\n\n\n<p>--><\/div> <!-- description --><\/div><\/div><!-- porto-sicon-box -->[\/vc_column_inner][vc_column_inner width=&#8220;1\/2&#8243;][vc_single_image image=&#8220;3612&#8243; img_size=&#8220;350&#215;350&#8243; alignment=&#8220;center&#8220;][\/vc_column_inner][\/vc_row_inner][\/vc_column][\/vc_row][vc_row full_width=&#8220;stretch_row_content_no_spaces&#8220; wrap_container=&#8220;yes&#8220; css=&#8220;.vc_custom_1650020104217{margin-bottom: -50px !important;padding-top: 50px !important;padding-bottom: 20px !important;background-color: #f4f4f4 !important;}&#8220;][vc_column css=&#8220;.vc_custom_1650019197489{margin-bottom: 0px !important;}&#8220;][vc_row_inner css=&#8220;.vc_custom_1650019246020{padding-bottom: 0px !important;}&#8220;][vc_column_inner css=&#8220;.vc_custom_1650019218756{margin-bottom: -20px !important;}&#8220;]<div id=\"porto-carousel-129916966469d514a256291\" class=\"porto-carousel-wrapper\" data-gutter=\"50\" data-rtl=\"false\" ><div class=\"porto-ultimate-carousel porto-carousel-98432996369d514a256221 \" >[vc_single_image image=&#8220;3613&#8243; img_size=&#8220;full&#8220; alignment=&#8220;center&#8220; floating_start_pos=&#8220;bottom&#8220; title=&#8220;Die Bearbeitung des Maschinensockels erfolgt bei O.ERRE.Pi&#8220;][vc_single_image image=&#8220;3614&#8243; img_size=&#8220;full&#8220; alignment=&#8220;center&#8220; floating_start_pos=&#8220;bottom&#8220; title=&#8220;Die Sockel im Rohbau (vor der Bearbeitung)&#8220;][vc_single_image image=&#8220;3615&#8243; img_size=&#8220;full&#8220; alignment=&#8220;center&#8220; floating_start_pos=&#8220;bottom&#8220; title=&#8220;Konstruktion und Oberfl\u00e4chenbearbeitung der Gleitf\u00fchrungen erfolgen betriebsintern&#8220;][vc_single_image image=&#8220;3627&#8243; img_size=&#8220;full&#8220; alignment=&#8220;center&#8220; floating_start_pos=&#8220;bottom&#8220; title=&#8220;Unsere Maschinen werden von Anfang bis Ende in allen Bauteilen intern konstruiert&#8220;][vc_single_image image=&#8220;3617&#8243; img_size=&#8220;full&#8220; alignment=&#8220;center&#8220; floating_start_pos=&#8220;bottom&#8220; title=&#8220;Die Sockel und Schlitten der Maschinen werden in unserer Abteilung Maschinenbearbeitung bearbeitet und fertiggestellt&#8220;][vc_single_image image=&#8220;3618&#8243; img_size=&#8220;full&#8220; alignment=&#8220;center&#8220; floating_start_pos=&#8220;bottom&#8220; title=&#8220;Unsere Flachschleifmaschine&#8220;][vc_single_image image=&#8220;3619&#8243; img_size=&#8220;full&#8220; alignment=&#8220;center&#8220; floating_start_pos=&#8220;bottom&#8220; title=&#8220;Unsere Au\u00dfen- und Innenschleifmaschinen&#8220;][vc_single_image image=&#8220;3620&#8243; img_size=&#8220;full&#8220; alignment=&#8220;center&#8220; floating_start_pos=&#8220;bottom&#8220; title=&#8220;Unser mehrachsiges Arbeitszentrum&#8220;][vc_single_image image=&#8220;3621&#8243; img_size=&#8220;full&#8220; alignment=&#8220;center&#8220; floating_start_pos=&#8220;bottom&#8220; title=&#8220;Maschinen f\u00fcr die Elektroerosion&#8220;][vc_single_image image=&#8220;3622&#8243; img_size=&#8220;full&#8220; alignment=&#8220;center&#8220; floating_start_pos=&#8220;bottom&#8220; title=&#8220;Halterungen f\u00fcr Elektrospindeln aus der internen Produktion von O.ERRE.Pi&#8220;][vc_single_image image=&#8220;3623&#8243; img_size=&#8220;full&#8220; alignment=&#8220;center&#8220; floating_start_pos=&#8220;bottom&#8220; title=&#8220;Spindeln O.ERRE.Pi, intern hergestellt&#8220;][vc_single_image image=&#8220;3624&#8243; img_size=&#8220;full&#8220; alignment=&#8220;center&#8220; floating_start_pos=&#8220;bottom&#8220; title=&#8220;Drehabteilung&#8220;][vc_single_image image=&#8220;3625&#8243; img_size=&#8220;full&#8220; alignment=&#8220;center&#8220; floating_start_pos=&#8220;bottom&#8220; title=&#8220;Das Abdrehen erfolgt bei O.ERRE.Pi, ebenso wie die Herstellung der anderen Maschinenkomponenten&#8220;]<\/div><\/div><script type=\"text\/javascript\" id=\"ultimate-carousel\">\r\n\t(function(){\r\n\t\tvar porto_inc_slick_js = function() {\r\n\t\t\t( function( $ ) {\r\n\t\t\t\tif ( $.fn.slick ) {\r\n\t\t\t\t\t$('.porto-carousel-98432996369d514a256221').slick({dots: false,autoplay: true,autoplaySpeed: 5000,speed: 300,infinite: true,arrows: true,nextArrow: '<button type=\"button\" role=\"button\" aria-label=\"Next\" style=\"color:#333333; font-size:20px;\" class=\"slick-next default\"><i class=\"fas fa-chevron-right\"><\/i><\/button>',prevArrow: '<button type=\"button\" role=\"button\" aria-label=\"Previous\" style=\"color:#333333; font-size:20px;\" class=\"slick-prev default\"><i class=\"fas fa-chevron-left\"><\/i><\/button>',slidesToScroll:1,slidesToShow:1,swipe: true,draggable: true,touchMove: true,pauseOnHover: true,responsive: [\r\n\t\t\t\t{\r\n\t\t\t\t  breakpoint: 1025,\r\n\t\t\t\t  settings: {\r\n\t\t\t\t\tslidesToShow: 1,\r\n\t\t\t\t\tslidesToScroll: 1,  \r\n\t\t\t\t  }\r\n\t\t\t\t},\r\n\t\t\t\t{\r\n\t\t\t\t  breakpoint: 769,\r\n\t\t\t\t  settings: {\r\n\t\t\t\t\tslidesToShow: 1,\r\n\t\t\t\t\tslidesToScroll: 1\r\n\t\t\t\t  }\r\n\t\t\t\t},\r\n\t\t\t\t{\r\n\t\t\t\t  breakpoint: 481,\r\n\t\t\t\t  settings: {\r\n\t\t\t\t\tslidesToShow: 1,\r\n\t\t\t\t\tslidesToScroll: 1\r\n\t\t\t\t  }\r\n\t\t\t\t}\r\n\t\t\t],pauseOnDotsHover: true,customPaging: function(slider, i) {\r\n\t   return '<i type=\"button\" style=\"color:#333333;\" class=\"far fa-circle\" data-role=\"none\"><\/i>';\r\n\t},});\r\n\t\t\t\t} else {\r\n\t\t\t\t\t\t\t\t}\r\n\t\t\t} )( jQuery );\r\n\t\t};\r\n\r\n\t\tif ( window.theme && theme.isLoaded ) {\r\n\t\t\tporto_inc_slick_js();\r\n\t\t} else {\r\n\t\t\twindow.addEventListener( 'load', porto_inc_slick_js );\r\n\t\t}\r\n\t})();\r\n<\/script>\r\n[vc_empty_space height=&#8220;100px&#8220;][\/vc_column_inner][\/vc_row_inner][\/vc_column][\/vc_row]<\/p>\n<\/div>","protected":false},"excerpt":{"rendered":"<p>[vc_row full_width=&#8220;stretch_row_content&#8220; content_placement=&#8220;middle&#8220; wrap_container=&#8220;yes&#8220; css=&#8220;.vc_custom_1649953782641{margin-top: 80px !important;}&#8220;][vc_column][vc_row_inner content_placement=&#8220;middle&#8220; css=&#8220;.vc_custom_1649953800820{margin-bottom: 50px !important;}&#8220;][vc_column_inner width=&#8220;1\/2&#8243;][\/vc_column_inner][vc_column_inner width=&#8220;1\/2&#8243;][vc_single_image image=&#8220;3612&#8243; img_size=&#8220;350&#215;350&#8243; alignment=&#8220;center&#8220;][\/vc_column_inner][\/vc_row_inner][\/vc_column][\/vc_row][vc_row full_width=&#8220;stretch_row_content_no_spaces&#8220; wrap_container=&#8220;yes&#8220; css=&#8220;.vc_custom_1650020104217{margin-bottom: -50px !important;padding-top: 50px !important;padding-bottom: 20px !important;background-color: #f4f4f4 !important;}&#8220;][vc_column css=&#8220;.vc_custom_1650019197489{margin-bottom: 0px !important;}&#8220;][vc_row_inner css=&#8220;.vc_custom_1650019246020{padding-bottom: 0px !important;}&#8220;][vc_column_inner css=&#8220;.vc_custom_1650019218756{margin-bottom: -20px !important;}&#8220;][vc_empty_space height=&#8220;100px&#8220;][\/vc_column_inner][\/vc_row_inner][\/vc_column][\/vc_row]<\/p>\n","protected":false},"author":2,"featured_media":0,"parent":0,"menu_order":0,"comment_status":"closed","ping_status":"closed","template":"","meta":{"footnotes":""},"class_list":["post-3610","page","type-page","status-publish","hentry"],"_links":{"self":[{"href":"https:\/\/oerrepi.com\/de\/wp-json\/wp\/v2\/pages\/3610","targetHints":{"allow":["GET"]}}],"collection":[{"href":"https:\/\/oerrepi.com\/de\/wp-json\/wp\/v2\/pages"}],"about":[{"href":"https:\/\/oerrepi.com\/de\/wp-json\/wp\/v2\/types\/page"}],"author":[{"embeddable":true,"href":"https:\/\/oerrepi.com\/de\/wp-json\/wp\/v2\/users\/2"}],"replies":[{"embeddable":true,"href":"https:\/\/oerrepi.com\/de\/wp-json\/wp\/v2\/comments?post=3610"}],"version-history":[{"count":0,"href":"https:\/\/oerrepi.com\/de\/wp-json\/wp\/v2\/pages\/3610\/revisions"}],"wp:attachment":[{"href":"https:\/\/oerrepi.com\/de\/wp-json\/wp\/v2\/media?parent=3610"}],"curies":[{"name":"wp","href":"https:\/\/api.w.org\/{rel}","templated":true}]}}