{"id":3355,"date":"2024-04-17T12:43:29","date_gmt":"2024-04-17T10:43:29","guid":{"rendered":"https:\/\/oerrepi.com\/spezialmaschinen\/"},"modified":"2024-04-17T17:37:26","modified_gmt":"2024-04-17T15:37:26","slug":"spezialmaschinen","status":"publish","type":"page","link":"https:\/\/oerrepi.com\/de\/spezialmaschinen\/","title":{"rendered":"Spezialmaschinen"},"content":{"rendered":"<div class=\"wpb-content-wrapper\"><p>[vc_row full_width=&#8220;stretch_row_content&#8220; wrap_container=&#8220;yes&#8220; css=&#8220;.vc_custom_1645371180926{margin-top: 80px !important;}&#8220;][vc_column]<div class=\"porto-sicon-box  vc_custom_1645438805186  wpb_custom_79a38743588ebe08eeb2285cea5ee7f3 style_1 left-icon\" data-appear-animation=\"fadeInUp\"><div class=\"porto-sicon-body\"><div class=\"porto-sicon-description\" style=\"\">\n<h1 style=\"text-align: center;\"><strong style=\"color: #009640;\">Special <\/strong>Machines<\/h1>\n<p><\/div> <!-- description --><\/div><\/div><!-- porto-sicon-box -->[vc_row_inner css=&#8220;.vc_custom_1645371289088{margin-bottom: 50px !important;}&#8220;][vc_column_inner width=&#8220;1\/6&#8243;][\/vc_column_inner][vc_column_inner width=&#8220;2\/3&#8243;]<div class=\"porto-sicon-box  vc_custom_1645439138465  wpb_custom_79a38743588ebe08eeb2285cea5ee7f3 style_1 left-icon\" data-appear-animation=\"fadeInUp\"><div class=\"porto-sicon-body\"><div class=\"porto-sicon-description\" style=\"\">\n<p style=\"text-align: center;\">Mit den erworbenen Kompetenzen und der zehnj\u00e4hrigen Erfahrung entwickeln und konstruieren wir Werkzeugmaschinen f\u00fcr Spezialanwendungen und integrierte L\u00f6sungen f\u00fcr besondere Kundenanforderungen.<\/p>\n<p style=\"text-align: center;\"><strong>Wir sind flexibel und stehen bereit, um gemeinsam mit dem Kunden spezifische L\u00f6sungen zu entwickeln, damit er seine Ziele im Zeichen von Effizienz, Pr\u00e4zision und Qualit\u00e4t erreicht.<\/strong><\/p>\n<p style=\"text-align: center;\"><a class=\"btn btn-outline btn-full-rounded btn-outline-secondary font-weight-bold mt-4\" style=\"padding: 16.5px 38.4px; font-size: 12.8px;\" href=\"https:\/\/oerrepi.com\/de\/kontakt\/\">SPEZIFISCHE BERATUNG ANFORDERN<br \/>\n<\/a><\/p>\n<p><\/div> <!-- description --><\/div><\/div><!-- porto-sicon-box -->[\/vc_column_inner][vc_column_inner width=&#8220;1\/6&#8243;][\/vc_column_inner][\/vc_row_inner][\/vc_column][\/vc_row][vc_row full_width=&#8220;stretch_row_content_no_spaces&#8220; wrap_container=&#8220;yes&#8220; css=&#8220;.vc_custom_1645439030437{padding-top: 0px !important;background-color: #f4f4f4 !important;}&#8220;][vc_column width=&#8220;1\/2&#8243; text_align=&#8220;center&#8220; is_section=&#8220;yes&#8220; section_skin=&#8220;parallax&#8220;]<div class=\"porto-sicon-box  vc_custom_1648460799586  wpb_custom_79a38743588ebe08eeb2285cea5ee7f3 style_1 left-icon\" data-appear-animation=\"fadeInUp\"><div class=\"porto-sicon-body\"><div class=\"porto-sicon-description\" style=\"\">\n<h2 style=\"text-align: center;\"><strong style=\"color: #009640;\">Stirnschleifen<br \/>\n<\/strong>f\u00fcr Kegelrollen<br \/>\n<!--<a class=\"btn btn-outline btn-full-rounded btn-outline-secondary font-weight-bold mt-4\" style=\"padding: 16.5px 38.4px; font-size: 12.8px;\" href=\"https:\/\/oerrepi.com\/de\/kontakt\/\">ORDINA IL PRODOTTO<\/a>--><\/h2>\n<p><\/div> <!-- description --><\/div><\/div><!-- porto-sicon-box -->[vc_single_image image=&#8220;3356&#8243; img_size=&#8220;large&#8220; add_caption=&#8220;yes&#8220; alignment=&#8220;center&#8220; onclick=&#8220;img_link_large&#8220; lightbox=&#8220;yes&#8220; zoom_icon=&#8220;yes&#8220; hover_effect=&#8220;yes&#8220; animation_type=&#8220;bounceIn&#8220; css=&#8220;.vc_custom_1645369411550{margin-top: -10px !important;margin-bottom: 0px !important;border-bottom-width: 0px !important;}&#8220;][\/vc_column][vc_column width=&#8220;1\/2&#8243; is_section=&#8220;yes&#8220; section_skin=&#8220;parallax&#8220;]<div class=\"porto-sicon-box  vc_custom_1645438879967  wpb_custom_79a38743588ebe08eeb2285cea5ee7f3 style_1 left-icon\" data-appear-animation=\"fadeInUp\"><div class=\"porto-sicon-body\"><div class=\"porto-sicon-description\" style=\"\">\n<h2 style=\"text-align: center;\"><strong style=\"color: #009640;\">Schleifmaschine<br \/>\n<\/strong>f\u00fcr Pumpenwelle<br \/>\n<!--<a class=\"btn btn-outline btn-full-rounded btn-outline-secondary font-weight-bold mt-4\" style=\"padding: 16.5px 38.4px; font-size: 12.8px;\" href=\"https:\/\/oerrepi.com\/de\/kontakt\/\">ORDINA IL PRODOTTO<\/a>--><\/h2>\n<p><\/div> <!-- description --><\/div><\/div><!-- porto-sicon-box -->[vc_single_image image=&#8220;3357&#8243; img_size=&#8220;large&#8220; add_caption=&#8220;yes&#8220; alignment=&#8220;center&#8220; onclick=&#8220;img_link_large&#8220; lightbox=&#8220;yes&#8220; zoom_icon=&#8220;yes&#8220; hover_effect=&#8220;yes&#8220; animation_type=&#8220;bounceIn&#8220; css=&#8220;.vc_custom_1645369661324{margin-top: -10px !important;margin-bottom: 0px !important;border-bottom-width: 0px !important;}&#8220;][\/vc_column][\/vc_row][vc_row full_width=&#8220;stretch_row_content_no_spaces&#8220; wrap_container=&#8220;yes&#8220; css=&#8220;.vc_custom_1645439035785{background-color: #f4f4f4 !important;}&#8220;][vc_column width=&#8220;1\/2&#8243; is_section=&#8220;yes&#8220; section_skin=&#8220;parallax&#8220;]<div class=\"porto-sicon-box  vc_custom_1645438908422  wpb_custom_79a38743588ebe08eeb2285cea5ee7f3 style_1 left-icon\" data-appear-animation=\"fadeInUp\"><div class=\"porto-sicon-body\"><div class=\"porto-sicon-description\" style=\"\">\n<h2 style=\"text-align: center;\"><strong style=\"color: #009640;\">Schleifmaschine<br \/>\n<\/strong>f\u00fcr Nabenring<br \/>\n<!--<a class=\"btn btn-outline btn-full-rounded btn-outline-secondary font-weight-bold mt-4\" style=\"padding: 16.5px 38.4px; font-size: 12.8px;\" href=\"https:\/\/oerrepi.com\/de\/kontakt\/\">ORDINA IL PRODOTTO<\/a>--><\/h2>\n<p><\/div> <!-- description --><\/div><\/div><!-- porto-sicon-box -->[vc_single_image image=&#8220;3358&#8243; img_size=&#8220;large&#8220; add_caption=&#8220;yes&#8220; alignment=&#8220;center&#8220; onclick=&#8220;img_link_large&#8220; lightbox=&#8220;yes&#8220; zoom_icon=&#8220;yes&#8220; hover_effect=&#8220;yes&#8220; animation_type=&#8220;bounceIn&#8220; css=&#8220;.vc_custom_1645369669930{margin-top: -10px !important;margin-bottom: 0px !important;border-bottom-width: 0px !important;}&#8220;][\/vc_column][vc_column width=&#8220;1\/2&#8243; is_section=&#8220;yes&#8220; section_skin=&#8220;parallax&#8220;]<div class=\"porto-sicon-box  vc_custom_1645439052372  wpb_custom_79a38743588ebe08eeb2285cea5ee7f3 style_1 left-icon\" data-appear-animation=\"fadeInUp\"><div class=\"porto-sicon-body\"><div class=\"porto-sicon-description\" style=\"\">\n<h2 style=\"text-align: center;\"><strong style=\"color: #009640;\">Bandpoliermaschine<br \/>\n<\/strong>machine<br \/>\n<!--<a class=\"btn btn-outline btn-full-rounded btn-outline-secondary font-weight-bold mt-4\" style=\"padding: 16.5px 38.4px; font-size: 12.8px;\" href=\"https:\/\/oerrepi.com\/de\/kontakt\/\">ORDINA IL PRODOTTO<\/a>--><\/h2>\n<p><\/div> <!-- description --><\/div><\/div><!-- porto-sicon-box -->[vc_single_image image=&#8220;3359&#8243; img_size=&#8220;large&#8220; add_caption=&#8220;yes&#8220; alignment=&#8220;center&#8220; onclick=&#8220;img_link_large&#8220; lightbox=&#8220;yes&#8220; zoom_icon=&#8220;yes&#8220; hover_effect=&#8220;yes&#8220; animation_type=&#8220;bounceIn&#8220; css=&#8220;.vc_custom_1645369677029{margin-top: -10px !important;margin-bottom: 0px !important;border-bottom-width: 0px !important;}&#8220;][\/vc_column][\/vc_row][vc_row full_width=&#8220;stretch_row_content_no_spaces&#8220; wrap_container=&#8220;yes&#8220; css=&#8220;.vc_custom_1645439040565{padding-top: 50px !important;background-color: #f4f4f4 !important;}&#8220;][vc_column]<div class=\"porto-sicon-box  vc_custom_1645439058740  wpb_custom_79a38743588ebe08eeb2285cea5ee7f3 style_1 left-icon\" data-appear-animation=\"fadeInUp\"><div class=\"porto-sicon-body\"><div class=\"porto-sicon-description\" style=\"\">\n<h2 style=\"text-align: center;\"><strong style=\"color: #009640;\">Vertikale Schleifmaschinen<br \/>\n<\/strong>f\u00fcr Material \u201eon demand\u201c<br \/>\n<!--<a class=\"btn btn-outline btn-full-rounded btn-outline-secondary font-weight-bold mt-4\" style=\"padding: 16.5px 38.4px; font-size: 12.8px;\" href=\"https:\/\/oerrepi.com\/de\/kontakt\/\">ORDINA IL PRODOTTO<\/a>--><\/h2>\n<p><\/div> <!-- description --><\/div><\/div><!-- porto-sicon-box -->[vc_row_inner css=&#8220;.vc_custom_1645370160719{padding-bottom: 50px !important;}&#8220;][vc_column_inner width=&#8220;1\/6&#8243;][\/vc_column_inner][vc_column_inner width=&#8220;2\/3&#8243;][vc_single_image image=&#8220;3360&#8243; img_size=&#8220;large&#8220; add_caption=&#8220;yes&#8220; alignment=&#8220;center&#8220; onclick=&#8220;img_link_large&#8220; lightbox=&#8220;yes&#8220; zoom_icon=&#8220;yes&#8220; hover_effect=&#8220;yes&#8220; animation_type=&#8220;bounceIn&#8220; css=&#8220;.vc_custom_1645370021477{margin-top: -10px !important;margin-bottom: 0px !important;border-bottom-width: 0px !important;}&#8220;][vc_single_image image=&#8220;3361&#8243; img_size=&#8220;large&#8220; add_caption=&#8220;yes&#8220; alignment=&#8220;center&#8220; onclick=&#8220;img_link_large&#8220; lightbox=&#8220;yes&#8220; zoom_icon=&#8220;yes&#8220; hover_effect=&#8220;yes&#8220; animation_type=&#8220;bounceIn&#8220; css=&#8220;.vc_custom_1645370135743{margin-top: 30px !important;margin-bottom: 0px !important;border-bottom-width: 0px !important;}&#8220;][\/vc_column_inner][vc_column_inner width=&#8220;1\/6&#8243;][\/vc_column_inner][\/vc_row_inner][\/vc_column][\/vc_row]<\/p>\n<\/div>","protected":false},"excerpt":{"rendered":"<p>[vc_row full_width=&#8220;stretch_row_content&#8220; wrap_container=&#8220;yes&#8220; css=&#8220;.vc_custom_1645371180926{margin-top: 80px !important;}&#8220;][vc_column][vc_row_inner css=&#8220;.vc_custom_1645371289088{margin-bottom: 50px !important;}&#8220;][vc_column_inner width=&#8220;1\/6&#8243;][\/vc_column_inner][vc_column_inner width=&#8220;2\/3&#8243;][\/vc_column_inner][vc_column_inner width=&#8220;1\/6&#8243;][\/vc_column_inner][\/vc_row_inner][\/vc_column][\/vc_row][vc_row full_width=&#8220;stretch_row_content_no_spaces&#8220; wrap_container=&#8220;yes&#8220; css=&#8220;.vc_custom_1645439030437{padding-top: 0px !important;background-color: #f4f4f4 !important;}&#8220;][vc_column width=&#8220;1\/2&#8243; text_align=&#8220;center&#8220; is_section=&#8220;yes&#8220; section_skin=&#8220;parallax&#8220;][vc_single_image image=&#8220;3356&#8243; img_size=&#8220;large&#8220; add_caption=&#8220;yes&#8220; alignment=&#8220;center&#8220; onclick=&#8220;img_link_large&#8220; lightbox=&#8220;yes&#8220; zoom_icon=&#8220;yes&#8220; hover_effect=&#8220;yes&#8220; animation_type=&#8220;bounceIn&#8220; css=&#8220;.vc_custom_1645369411550{margin-top: -10px !important;margin-bottom: 0px !important;border-bottom-width: 0px !important;}&#8220;][\/vc_column][vc_column width=&#8220;1\/2&#8243; is_section=&#8220;yes&#8220; section_skin=&#8220;parallax&#8220;][vc_single_image image=&#8220;3357&#8243; img_size=&#8220;large&#8220; add_caption=&#8220;yes&#8220; alignment=&#8220;center&#8220; onclick=&#8220;img_link_large&#8220; lightbox=&#8220;yes&#8220; zoom_icon=&#8220;yes&#8220; hover_effect=&#8220;yes&#8220; animation_type=&#8220;bounceIn&#8220; css=&#8220;.vc_custom_1645369661324{margin-top: -10px !important;margin-bottom: 0px [&hellip;]<\/p>\n","protected":false},"author":1,"featured_media":0,"parent":0,"menu_order":0,"comment_status":"closed","ping_status":"closed","template":"","meta":{"footnotes":""},"class_list":["post-3355","page","type-page","status-publish","hentry"],"_links":{"self":[{"href":"https:\/\/oerrepi.com\/de\/wp-json\/wp\/v2\/pages\/3355","targetHints":{"allow":["GET"]}}],"collection":[{"href":"https:\/\/oerrepi.com\/de\/wp-json\/wp\/v2\/pages"}],"about":[{"href":"https:\/\/oerrepi.com\/de\/wp-json\/wp\/v2\/types\/page"}],"author":[{"embeddable":true,"href":"https:\/\/oerrepi.com\/de\/wp-json\/wp\/v2\/users\/1"}],"replies":[{"embeddable":true,"href":"https:\/\/oerrepi.com\/de\/wp-json\/wp\/v2\/comments?post=3355"}],"version-history":[{"count":0,"href":"https:\/\/oerrepi.com\/de\/wp-json\/wp\/v2\/pages\/3355\/revisions"}],"wp:attachment":[{"href":"https:\/\/oerrepi.com\/de\/wp-json\/wp\/v2\/media?parent=3355"}],"curies":[{"name":"wp","href":"https:\/\/api.w.org\/{rel}","templated":true}]}}