{"id":3337,"date":"2024-04-17T12:26:43","date_gmt":"2024-04-17T10:26:43","guid":{"rendered":"https:\/\/oerrepi.com\/mth\/"},"modified":"2024-04-17T17:35:48","modified_gmt":"2024-04-17T15:35:48","slug":"mth","status":"publish","type":"page","link":"https:\/\/oerrepi.com\/de\/mth\/","title":{"rendered":"MTH"},"content":{"rendered":"<div class=\"wpb-content-wrapper\"><p>[vc_row full_width=&#8220;stretch_row_content&#8220; gap=&#8220;35&#8243; content_placement=&#8220;middle&#8220; wrap_container=&#8220;yes&#8220; remove_margin_bottom=&#8220;yes&#8220; css=&#8220;.vc_custom_1713349661386{margin-top: 40px !important;margin-bottom: -30px !important;}&#8220; conditional_render=&#8220;%5B%7B%22value_role%22%3A%22administrator%22%7D%5D&#8220;][vc_column width=&#8220;2\/3&#8243;]<div class=\"porto-sicon-box  vc_custom_1645803778604  wpb_custom_79a38743588ebe08eeb2285cea5ee7f3 style_1 left-icon\" data-appear-animation=\"fadeInUp\"><div class=\"porto-sicon-body\"><div class=\"porto-sicon-description\" style=\"\">\n<h1><strong style=\"color: #009640;\">MTH<\/strong><br \/>\nL\u00e4ppmaschine<\/h1>\n<h4><strong>Automatische L\u00e4ppmaschine f\u00fcr Innen- und Au\u00dfenringe<\/strong><\/h4>\n<p style=\"text-align: left;\">Die L\u00e4ppmaschinen MTH sind f\u00fcr das automatische L\u00e4ppen von Au\u00dfen- und Innenringen von Kugellagern, f\u00fcr die Kanalisierung von Au\u00dfen- und Innenringen bei Kegelrollenlagern und f\u00fcr die Laufspur des Innenrings bei Zylinderrollenlagern bestimmt.<br \/>\n<a class=\"btn btn-outline btn-full-rounded btn-outline-secondary font-weight-bold mt-4\" style=\"padding: 16.5px 38.4px; font-size: 12.8px;\" href=\"https:\/\/oerrepi.com\/de\/kontakt\/\">MASCHINE KONFIGURIEREN<\/a><\/div> <!-- description --><\/div><\/div><!-- porto-sicon-box -->[\/vc_column][vc_column width=&#8220;1\/3&#8243;][vc_single_image image=&#8220;3338&#8243; img_size=&#8220;full&#8220; alignment=&#8220;center&#8220; onclick=&#8220;img_link_large&#8220; lightbox=&#8220;yes&#8220; zoom_icon=&#8220;yes&#8220; hover_effect=&#8220;yes&#8220; animation_type=&#8220;bounceIn&#8220;][\/vc_column][\/vc_row][vc_row full_width=&#8220;stretch_row_content&#8220; wrap_container=&#8220;yes&#8220; css=&#8220;.vc_custom_1713349670720{margin-top: 30px !important;}&#8220; conditional_render=&#8220;%5B%7B%22value_role%22%3A%22administrator%22%7D%5D&#8220;][vc_column width=&#8220;1\/3&#8243;][vc_column_text css=&#8220;.vc_custom_1645438540152{padding-left: 20px !important;}&#8220;]<\/p>\n<table class=\"table\">\n<thead>\n<tr>\n<th style=\"background-color: #009640; text-align: center; border-bottom: none;\" scope=\"col\"><span style=\"color: #ffffff;\">Lagertypen<br \/>\n<\/span><\/th>\n<\/tr>\n<\/thead>\n<tbody>\n<tr>\n<td style=\"text-align: center;\">CRB<\/td>\n<\/tr>\n<tr>\n<td style=\"text-align: center;\">TBU<\/td>\n<\/tr>\n<tr>\n<td style=\"text-align: center;\">SRB<\/td>\n<\/tr>\n<tr>\n<td style=\"text-align: center;\">TRB<\/td>\n<\/tr>\n<tr>\n<td style=\"text-align: center;\">DGBB<\/td>\n<\/tr>\n<tr>\n<td style=\"text-align: center;\"><strong>Abgedeckter Bereich<br \/>\n<\/strong><\/td>\n<\/tr>\n<tr>\n<td style=\"text-align: center;\">OD \u00d820\u00f7600mm<\/td>\n<\/tr>\n<\/tbody>\n<\/table>\n<p>[\/vc_column_text][\/vc_column][vc_column width=&#8220;1\/3&#8243;][vc_single_image image=&#8220;3339&#8243; img_size=&#8220;medium&#8220; alignment=&#8220;center&#8220; style=&#8220;vc_box_border_circle&#8220; onclick=&#8220;img_link_large&#8220; lightbox=&#8220;yes&#8220; zoom_icon=&#8220;yes&#8220;][\/vc_column][vc_column width=&#8220;1\/3&#8243;][vc_single_image image=&#8220;3340&#8243; img_size=&#8220;medium&#8220; alignment=&#8220;center&#8220; style=&#8220;vc_box_border_circle&#8220; onclick=&#8220;img_link_large&#8220; lightbox=&#8220;yes&#8220; zoom_icon=&#8220;yes&#8220;][\/vc_column][\/vc_row][vc_row full_width=&#8220;stretch_row_content_no_spaces&#8220; gap=&#8220;30&#8243; wrap_container=&#8220;yes&#8220; css=&#8220;.vc_custom_1644336369805{background-image: url(https:\/\/oerrepi.com\/wp-content\/uploads\/2022\/01\/sfondo_grigio-scaled.jpg?id=650) !important;background-position: center !important;background-repeat: no-repeat !important;background-size: cover !important;}&#8220;][vc_column width=&#8220;1\/4&#8243;][\/vc_column][vc_column width=&#8220;1\/2&#8243;][vc_empty_space height=&#8220;30px&#8220;]<div class=\"porto-sicon-box  vc_custom_1645438553304  wpb_custom_79a38743588ebe08eeb2285cea5ee7f3 style_1 left-icon\" data-appear-animation=\"fadeInUp\"><div class=\"porto-sicon-body\"><div class=\"porto-sicon-description\" style=\"\">\n<h4><strong style=\"color: #009640;\">Bearbeitungsarten<\/strong><\/h4>\n<p><\/div> <!-- description --><\/div><\/div><!-- porto-sicon-box -->[vc_single_image image=&#8220;3341&#8243; img_size=&#8220;large&#8220; onclick=&#8220;link_image&#8220;][\/vc_column][vc_column width=&#8220;1\/4&#8243;][\/vc_column][\/vc_row][vc_row full_width=&#8220;stretch_row_content_no_spaces&#8220; equal_height=&#8220;yes&#8220; content_placement=&#8220;middle&#8220; parallax=&#8220;content-moving&#8220; parallax_image=&#8220;1408&#8243; parallax_speed_bg=&#8220;3&#8243; remove_margin_top=&#8220;yes&#8220; remove_margin_bottom=&#8220;yes&#8220; remove_padding_top=&#8220;yes&#8220; remove_padding_bottom=&#8220;yes&#8220; el_class=&#8220;p-0&#8243;][vc_column remove_margin_top=&#8220;yes&#8220; remove_margin_bottom=&#8220;yes&#8220; remove_padding_top=&#8220;yes&#8220; remove_padding_bottom=&#8220;yes&#8220; remove_border=&#8220;yes&#8220;][vc_single_image image=&#8220;3225&#8243; img_size=&#8220;full&#8220; add_caption=&#8220;yes&#8220; alignment=&#8220;center&#8220; css=&#8220;.vc_custom_1643795599832{margin-top: -35px !important;padding-top: 0px !important;padding-bottom: 0px !important;}&#8220;][\/vc_column][\/vc_row][vc_row full_width=&#8220;stretch_row_content_no_spaces&#8220;][vc_column width=&#8220;1\/3&#8243; is_section=&#8220;yes&#8220; css=&#8220;.vc_custom_1645011009028{padding-top: 0px !important;background-color: #f4f4f4 !important;}&#8220;][vc_empty_space]<div class=\"porto-sicon-box  vc_custom_1645181023031  wpb_custom_79a38743588ebe08eeb2285cea5ee7f3 style_1 left-icon\" data-appear-animation=\"fadeInUp\" data-appear-animation-delay=\"200\"><div class=\"porto-sicon-body\"><div class=\"porto-sicon-description\" style=\"\">\n<h1 style=\"text-align: center;\">MTH <strong style=\"color: #009640;\">200 0-2H<\/strong><\/h1>\n<p><\/div> <!-- description --><\/div><\/div><!-- porto-sicon-box -->[vc_empty_space][vc_single_image image=&#8220;3342&#8243; img_size=&#8220;large&#8220; add_caption=&#8220;yes&#8220; alignment=&#8220;center&#8220; onclick=&#8220;img_link_large&#8220; lightbox=&#8220;yes&#8220; zoom_icon=&#8220;yes&#8220; hover_effect=&#8220;yes&#8220; animation_type=&#8220;bounceIn&#8220; css=&#8220;.vc_custom_1645181383454{margin-bottom: 0px !important;border-bottom-width: 0px !important;}&#8220;][vc_empty_space][\/vc_column][vc_column width=&#8220;1\/3&#8243; is_section=&#8220;yes&#8220; css=&#8220;.vc_custom_1645020072407{padding-top: 0px !important;background-color: #f4f4f4 !important;}&#8220;][vc_empty_space]<div class=\"porto-sicon-box  vc_custom_1645181045301  wpb_custom_79a38743588ebe08eeb2285cea5ee7f3 style_1 left-icon\" data-appear-animation=\"fadeInUp\" data-appear-animation-delay=\"200\"><div class=\"porto-sicon-body\"><div class=\"porto-sicon-description\" style=\"\">\n<h1 style=\"text-align: center;\">MTH <strong style=\"color: #009640;\">200 I-4H<\/strong><\/h1>\n<p><\/div> <!-- description --><\/div><\/div><!-- porto-sicon-box -->[vc_empty_space][vc_single_image image=&#8220;3343&#8243; img_size=&#8220;large&#8220; add_caption=&#8220;yes&#8220; alignment=&#8220;center&#8220; onclick=&#8220;img_link_large&#8220; lightbox=&#8220;yes&#8220; zoom_icon=&#8220;yes&#8220; hover_effect=&#8220;yes&#8220; animation_type=&#8220;bounceIn&#8220; css=&#8220;.vc_custom_1645181498519{margin-bottom: 0px !important;border-bottom-width: 0px !important;}&#8220;][vc_empty_space][\/vc_column][vc_column width=&#8220;1\/3&#8243; is_section=&#8220;yes&#8220; css=&#8220;.vc_custom_1645020121281{padding-top: 0px !important;}&#8220;][vc_empty_space]<div class=\"porto-sicon-box  vc_custom_1645181057298  wpb_custom_79a38743588ebe08eeb2285cea5ee7f3 style_1 left-icon\" data-appear-animation=\"fadeInUp\" data-appear-animation-delay=\"200\"><div class=\"porto-sicon-body\"><div class=\"porto-sicon-description\" style=\"\">\n<h1 style=\"text-align: center;\">MTH <strong style=\"color: #009640;\">250 U-I-O<\/strong><\/h1>\n<p><\/div> <!-- description --><\/div><\/div><!-- porto-sicon-box -->[vc_empty_space][vc_single_image image=&#8220;3344&#8243; img_size=&#8220;large&#8220; add_caption=&#8220;yes&#8220; alignment=&#8220;center&#8220; onclick=&#8220;img_link_large&#8220; lightbox=&#8220;yes&#8220; zoom_icon=&#8220;yes&#8220; hover_effect=&#8220;yes&#8220; animation_type=&#8220;bounceIn&#8220; css=&#8220;.vc_custom_1645181590987{margin-bottom: 0px !important;border-bottom-width: 0px !important;}&#8220;][vc_empty_space][\/vc_column][\/vc_row][vc_row full_width=&#8220;stretch_row_content_no_spaces&#8220; css=&#8220;.vc_custom_1645181230445{margin-bottom: -5px !important;}&#8220;][vc_column width=&#8220;1\/3&#8243; is_section=&#8220;yes&#8220; css=&#8220;.vc_custom_1645011009028{padding-top: 0px !important;background-color: #f4f4f4 !important;}&#8220;][vc_empty_space]<div class=\"porto-sicon-box  vc_custom_1645181090689  wpb_custom_79a38743588ebe08eeb2285cea5ee7f3 style_1 left-icon\" data-appear-animation=\"fadeInUp\" data-appear-animation-delay=\"200\"><div class=\"porto-sicon-body\"><div class=\"porto-sicon-description\" style=\"\">\n<h1 style=\"text-align: center;\">MTH <strong style=\"color: #009640;\">250 FIR\/FOR<\/strong><\/h1>\n<p><\/div> <!-- description --><\/div><\/div><!-- porto-sicon-box -->[vc_empty_space][vc_single_image image=&#8220;3345&#8243; img_size=&#8220;large&#8220; add_caption=&#8220;yes&#8220; alignment=&#8220;center&#8220; onclick=&#8220;img_link_large&#8220; lightbox=&#8220;yes&#8220; zoom_icon=&#8220;yes&#8220; hover_effect=&#8220;yes&#8220; animation_type=&#8220;bounceIn&#8220; css=&#8220;.vc_custom_1645204189929{margin-bottom: 0px !important;border-bottom-width: 0px !important;}&#8220;][vc_empty_space][\/vc_column][vc_column width=&#8220;1\/3&#8243; is_section=&#8220;yes&#8220; css=&#8220;.vc_custom_1645020072407{padding-top: 0px !important;background-color: #f4f4f4 !important;}&#8220;][vc_empty_space]<div class=\"porto-sicon-box  vc_custom_1645181107411  wpb_custom_79a38743588ebe08eeb2285cea5ee7f3 style_1 left-icon\" data-appear-animation=\"fadeInUp\" data-appear-animation-delay=\"200\"><div class=\"porto-sicon-body\"><div class=\"porto-sicon-description\" style=\"\">\n<h1 style=\"text-align: center;\">MTH <strong style=\"color: #009640;\">350<\/strong><\/h1>\n<p><\/div> <!-- description --><\/div><\/div><!-- porto-sicon-box -->[vc_empty_space][vc_single_image image=&#8220;3346&#8243; img_size=&#8220;large&#8220; add_caption=&#8220;yes&#8220; alignment=&#8220;center&#8220; onclick=&#8220;img_link_large&#8220; lightbox=&#8220;yes&#8220; zoom_icon=&#8220;yes&#8220; hover_effect=&#8220;yes&#8220; animation_type=&#8220;bounceIn&#8220; css=&#8220;.vc_custom_1645204279284{margin-bottom: 0px !important;border-bottom-width: 0px !important;}&#8220;][vc_empty_space][\/vc_column][vc_column width=&#8220;1\/3&#8243; is_section=&#8220;yes&#8220; css=&#8220;.vc_custom_1645020121281{padding-top: 0px !important;}&#8220;][vc_empty_space]<div class=\"porto-sicon-box  vc_custom_1645181118706  wpb_custom_79a38743588ebe08eeb2285cea5ee7f3 style_1 left-icon\" data-appear-animation=\"fadeInUp\" data-appear-animation-delay=\"200\"><div class=\"porto-sicon-body\"><div class=\"porto-sicon-description\" style=\"\">\n<h1 style=\"text-align: center;\">MTH <strong style=\"color: #009640;\">400 U-I-O<\/strong><\/h1>\n<p><\/div> <!-- description --><\/div><\/div><!-- porto-sicon-box -->[vc_empty_space][vc_single_image image=&#8220;3347&#8243; img_size=&#8220;large&#8220; add_caption=&#8220;yes&#8220; alignment=&#8220;center&#8220; onclick=&#8220;img_link_large&#8220; lightbox=&#8220;yes&#8220; zoom_icon=&#8220;yes&#8220; hover_effect=&#8220;yes&#8220; animation_type=&#8220;bounceIn&#8220; css=&#8220;.vc_custom_1645204356852{margin-bottom: 0px !important;border-bottom-width: 0px !important;}&#8220;][vc_empty_space][\/vc_column][\/vc_row][vc_row full_width=&#8220;stretch_row_content_no_spaces&#8220; css=&#8220;.vc_custom_1645181242616{margin-bottom: -5px !important;}&#8220;][vc_column width=&#8220;1\/3&#8243; is_section=&#8220;yes&#8220; css=&#8220;.vc_custom_1645011009028{padding-top: 0px !important;background-color: #f4f4f4 !important;}&#8220;][\/vc_column][vc_column width=&#8220;1\/3&#8243; is_section=&#8220;yes&#8220; css=&#8220;.vc_custom_1645020072407{padding-top: 0px !important;background-color: #f4f4f4 !important;}&#8220;][vc_empty_space]<div class=\"porto-sicon-box  vc_custom_1645181152755  wpb_custom_79a38743588ebe08eeb2285cea5ee7f3 style_1 left-icon\" data-appear-animation=\"fadeInUp\" data-appear-animation-delay=\"200\"><div class=\"porto-sicon-body\"><div class=\"porto-sicon-description\" style=\"\">\n<h1 style=\"text-align: center;\">MTH <strong style=\"color: #009640;\">150 I-SRB<\/strong><\/h1>\n<p><\/div> <!-- description --><\/div><\/div><!-- porto-sicon-box -->[vc_empty_space][vc_single_image image=&#8220;3348&#8243; img_size=&#8220;large&#8220; add_caption=&#8220;yes&#8220; alignment=&#8220;center&#8220; onclick=&#8220;img_link_large&#8220; lightbox=&#8220;yes&#8220; zoom_icon=&#8220;yes&#8220; hover_effect=&#8220;yes&#8220; animation_type=&#8220;bounceIn&#8220; css=&#8220;.vc_custom_1645204445796{margin-bottom: 0px !important;border-bottom-width: 0px !important;}&#8220;][vc_empty_space][\/vc_column][vc_column width=&#8220;1\/3&#8243; is_section=&#8220;yes&#8220; css=&#8220;.vc_custom_1645020121281{padding-top: 0px !important;}&#8220;][\/vc_column][\/vc_row]<\/p>\n<\/div>","protected":false},"excerpt":{"rendered":"<p>[vc_row full_width=&#8220;stretch_row_content&#8220; gap=&#8220;35&#8243; content_placement=&#8220;middle&#8220; wrap_container=&#8220;yes&#8220; remove_margin_bottom=&#8220;yes&#8220; css=&#8220;.vc_custom_1713349661386{margin-top: 40px !important;margin-bottom: -30px !important;}&#8220; conditional_render=&#8220;%5B%7B%22value_role%22%3A%22administrator%22%7D%5D&#8220;][vc_column width=&#8220;2\/3&#8243;][\/vc_column][vc_column width=&#8220;1\/3&#8243;][vc_single_image image=&#8220;3338&#8243; img_size=&#8220;full&#8220; alignment=&#8220;center&#8220; onclick=&#8220;img_link_large&#8220; lightbox=&#8220;yes&#8220; zoom_icon=&#8220;yes&#8220; hover_effect=&#8220;yes&#8220; animation_type=&#8220;bounceIn&#8220;][\/vc_column][\/vc_row][vc_row full_width=&#8220;stretch_row_content&#8220; wrap_container=&#8220;yes&#8220; css=&#8220;.vc_custom_1713349670720{margin-top: 30px !important;}&#8220; conditional_render=&#8220;%5B%7B%22value_role%22%3A%22administrator%22%7D%5D&#8220;][vc_column width=&#8220;1\/3&#8243;][vc_column_text css=&#8220;.vc_custom_1645438540152{padding-left: 20px !important;}&#8220;] Lagertypen CRB TBU SRB TRB DGBB Abgedeckter Bereich OD \u00d820\u00f7600mm [\/vc_column_text][\/vc_column][vc_column width=&#8220;1\/3&#8243;][vc_single_image image=&#8220;3339&#8243; img_size=&#8220;medium&#8220; alignment=&#8220;center&#8220; style=&#8220;vc_box_border_circle&#8220; onclick=&#8220;img_link_large&#8220; lightbox=&#8220;yes&#8220; zoom_icon=&#8220;yes&#8220;][\/vc_column][vc_column width=&#8220;1\/3&#8243;][vc_single_image image=&#8220;3340&#8243; img_size=&#8220;medium&#8220; alignment=&#8220;center&#8220; [&hellip;]<\/p>\n","protected":false},"author":1,"featured_media":0,"parent":0,"menu_order":0,"comment_status":"closed","ping_status":"closed","template":"","meta":{"footnotes":""},"class_list":["post-3337","page","type-page","status-publish","hentry"],"_links":{"self":[{"href":"https:\/\/oerrepi.com\/de\/wp-json\/wp\/v2\/pages\/3337","targetHints":{"allow":["GET"]}}],"collection":[{"href":"https:\/\/oerrepi.com\/de\/wp-json\/wp\/v2\/pages"}],"about":[{"href":"https:\/\/oerrepi.com\/de\/wp-json\/wp\/v2\/types\/page"}],"author":[{"embeddable":true,"href":"https:\/\/oerrepi.com\/de\/wp-json\/wp\/v2\/users\/1"}],"replies":[{"embeddable":true,"href":"https:\/\/oerrepi.com\/de\/wp-json\/wp\/v2\/comments?post=3337"}],"version-history":[{"count":0,"href":"https:\/\/oerrepi.com\/de\/wp-json\/wp\/v2\/pages\/3337\/revisions"}],"wp:attachment":[{"href":"https:\/\/oerrepi.com\/de\/wp-json\/wp\/v2\/media?parent=3337"}],"curies":[{"name":"wp","href":"https:\/\/api.w.org\/{rel}","templated":true}]}}