{"id":3322,"date":"2024-04-17T12:21:35","date_gmt":"2024-04-17T10:21:35","guid":{"rendered":"https:\/\/oerrepi.com\/mti\/"},"modified":"2025-10-23T10:43:05","modified_gmt":"2025-10-23T08:43:05","slug":"mti","status":"publish","type":"page","link":"https:\/\/oerrepi.com\/de\/mti\/","title":{"rendered":"MTI"},"content":{"rendered":"<div class=\"wpb-content-wrapper\"><p>[vc_row full_width=&#8220;stretch_row_content&#8220; wrap_container=&#8220;yes&#8220; gap=&#8220;35&#8243; content_placement=&#8220;middle&#8220; css=&#8220;.vc_custom_1713349366391{margin-top: 40px !important;margin-bottom: -30px !important;}&#8220; conditional_render=&#8220;%5B%7B%22value_role%22%3A%22administrator%22%7D%5D&#8220;][vc_column width=&#8220;2\/3&#8243;]<div class=\"porto-sicon-box  vc_custom_1645803797908  wpb_custom_79a38743588ebe08eeb2285cea5ee7f3 style_1 left-icon\" data-appear-animation=\"fadeInUp\"><div class=\"porto-sicon-body\"><div class=\"porto-sicon-description\" style=\"\">\n<h1><strong style=\"color: #009640;\">MTI<\/strong><br \/>\nInnenschleifmaschine<\/h1>\n<h4><strong>Schleifmaschinen f\u00fcr den inneren Lagerdurchmesser <\/strong><\/h4>\n<p style=\"text-align: left;\">Die Schleifmaschine MTI ist daf\u00fcr entwickelt, Schleifarbeiten f\u00fcr den inneren Durchmesser an verschiedenen Lagertypen durchzuf\u00fchren.<br \/>\n<a class=\"btn btn-outline btn-full-rounded btn-outline-secondary font-weight-bold mt-4\" style=\"padding: 16.5px 38.4px; font-size: 12.8px;\" href=\"https:\/\/oerrepi.com\/de\/kontakt\/\">MASCHINE KONFIGURIEREN<\/a><\/div> <!-- description --><\/div><\/div><!-- porto-sicon-box -->[\/vc_column][vc_column width=&#8220;1\/3&#8243;][vc_single_image image=&#8220;3323&#8243; img_size=&#8220;full&#8220; alignment=&#8220;center&#8220; onclick=&#8220;img_link_large&#8220; lightbox=&#8220;yes&#8220; zoom_icon=&#8220;yes&#8220; hover_effect=&#8220;yes&#8220; animation_type=&#8220;bounceIn&#8220;][\/vc_column][\/vc_row][vc_row full_width=&#8220;stretch_row_content&#8220; wrap_container=&#8220;yes&#8220; css=&#8220;.vc_custom_1713349375749{margin-top: 30px !important;}&#8220; conditional_render=&#8220;%5B%7B%22value_role%22%3A%22administrator%22%7D%5D&#8220;][vc_column width=&#8220;1\/3&#8243;][vc_single_image image=&#8220;3326&#8243; img_size=&#8220;medium&#8220; alignment=&#8220;center&#8220; style=&#8220;vc_box_border_circle&#8220; onclick=&#8220;img_link_large&#8220; lightbox=&#8220;yes&#8220; zoom_icon=&#8220;yes&#8220;][\/vc_column][vc_column width=&#8220;1\/3&#8243;][vc_single_image image=&#8220;3325&#8243; img_size=&#8220;medium&#8220; alignment=&#8220;center&#8220; style=&#8220;vc_box_border_circle&#8220; onclick=&#8220;img_link_large&#8220; lightbox=&#8220;yes&#8220; zoom_icon=&#8220;yes&#8220;][\/vc_column][vc_column width=&#8220;1\/3&#8243;][vc_single_image image=&#8220;3324&#8243; img_size=&#8220;medium&#8220; alignment=&#8220;center&#8220; style=&#8220;vc_box_border_circle&#8220; onclick=&#8220;img_link_large&#8220; lightbox=&#8220;yes&#8220; zoom_icon=&#8220;yes&#8220;][\/vc_column][\/vc_row][vc_row full_width=&#8220;stretch_row_content_no_spaces&#8220; wrap_container=&#8220;yes&#8220; gap=&#8220;30&#8243; css=&#8220;.vc_custom_1644336369805{background-image: url(https:\/\/oerrepi.com\/wp-content\/uploads\/2022\/01\/sfondo_grigio-scaled.jpg?id=650) !important;background-position: center !important;background-repeat: no-repeat !important;background-size: cover !important;}&#8220;][vc_column width=&#8220;1\/2&#8243;][vc_empty_space height=&#8220;30px&#8220;]<div class=\"porto-sicon-box  vc_custom_1645438702377  wpb_custom_79a38743588ebe08eeb2285cea5ee7f3 style_1 left-icon\" data-appear-animation=\"fadeInUp\"><div class=\"porto-sicon-body\"><div class=\"porto-sicon-description\" style=\"\">\n<h4><strong style=\"color: #009640;\">Bearbeitungsarten<\/strong><\/h4>\n<p><\/div> <!-- description --><\/div><\/div><!-- porto-sicon-box -->[vc_single_image image=&#8220;3327&#8243; img_size=&#8220;large&#8220; onclick=&#8220;link_image&#8220;][\/vc_column][vc_column width=&#8220;1\/2&#8243; css=&#8220;.vc_custom_1644336393202{border-left-width: 50px !important;}&#8220;][vc_empty_space height=&#8220;30px&#8220;]<div class=\"porto-sicon-box  vc_custom_1645438707839  wpb_custom_79a38743588ebe08eeb2285cea5ee7f3 style_1 left-icon\" data-appear-animation=\"fadeInUp\"><div class=\"porto-sicon-body\"><div class=\"porto-sicon-description\" style=\"\">\n<h4><strong style=\"color: #009640;\">Modelle<\/strong><\/h4>\n<p><\/div> <!-- description --><\/div><\/div><!-- porto-sicon-box -->[vc_column_text css=&#8220;.vc_custom_1761208974284{padding-left: 20px !important;}&#8220; css_params=&#8220;&#8220;]<\/p>\n<table class=\"table\">\n<thead>\n<tr>\n<th style=\"background-color: #009640; text-align: center; border-bottom: none;\" scope=\"col\"><span style=\"color: #ffffff;\">Modelle<\/span><\/th>\n<th style=\"background-color: #009640; text-align: center; border-bottom: none;\" colspan=\"2\" scope=\"col\"><span style=\"color: #ffffff;\">Werkst\u00fcckreihe<\/span><\/th>\n<\/tr>\n<\/thead>\n<tbody>\n<tr>\n<td style=\"border-bottom: 1px solid #000;\"><\/td>\n<td style=\"border-bottom: 1px solid #000;\"><strong>\u00d8 Au\u00dfen<\/strong><\/td>\n<td style=\"border-bottom: 1px solid #000;\"><strong>Breite<\/strong><\/td>\n<\/tr>\n<tr>\n<td><strong>MTI 80<\/strong><\/td>\n<td>\u00d810-80<\/td>\n<td>10-50<\/td>\n<\/tr>\n<tr>\n<td><strong>MTI 130<\/strong><\/td>\n<td>\u00d810-130<\/td>\n<td>10-50<\/td>\n<\/tr>\n<tr>\n<td style=\"text-align: left;\"><strong>MTI 250<\/strong><\/td>\n<td style=\"text-align: left;\">\u00d880-250<\/td>\n<td style=\"text-align: left;\">10-150<\/td>\n<\/tr>\n<tr>\n<td style=\"text-align: left;\"><strong>MTI 420<\/strong><\/td>\n<td style=\"text-align: left;\">\u00d8100-420<\/td>\n<td style=\"text-align: left;\">20-200<\/td>\n<\/tr>\n<td style=\"text-align: left;\"><strong>MTI 600<\/strong><\/td>\n<td style=\"text-align: left;\">\u00d8150-600<\/td>\n<td style=\"text-align: left;\">20-210<\/td>\n<\/tr>\n<\/tbody>\n<\/table>\n<p>[\/vc_column_text][\/vc_column][\/vc_row][vc_row full_width=&#8220;stretch_row_content_no_spaces&#8220; equal_height=&#8220;yes&#8220; content_placement=&#8220;middle&#8220; parallax=&#8220;content-moving&#8220; parallax_image=&#8220;1360&#8243; parallax_speed_bg=&#8220;3&#8243; el_class=&#8220;p-0&#8243;][vc_column][vc_single_image image=&#8220;3225&#8243; img_size=&#8220;full&#8220; add_caption=&#8220;yes&#8220; alignment=&#8220;center&#8220; css=&#8220;.vc_custom_1643795599832{margin-top: -35px !important;padding-top: 0px !important;padding-bottom: 0px !important;}&#8220;][\/vc_column][\/vc_row][vc_row full_width=&#8220;stretch_row_content_no_spaces&#8220;][vc_column width=&#8220;1\/3&#8243; is_section=&#8220;yes&#8220; css=&#8220;.vc_custom_1645011009028{padding-top: 0px !important;background-color: #f4f4f4 !important;}&#8220;][vc_empty_space]<div class=\"porto-sicon-box  vc_custom_1645025472632  wpb_custom_79a38743588ebe08eeb2285cea5ee7f3 style_1 left-icon\" data-appear-animation=\"fadeInUp\" data-appear-animation-delay=\"200\"><div class=\"porto-sicon-body\"><div class=\"porto-sicon-description\" style=\"\">\n<h1 style=\"text-align: center;\">MTI <strong style=\"color: #009640;\">80<\/strong> &#8211; <strong style=\"color: #009640;\">130<\/strong><\/h1>\n<p><\/div> <!-- description --><\/div><\/div><!-- porto-sicon-box -->[vc_empty_space][vc_single_image image=&#8220;3330&#8243; img_size=&#8220;large&#8220; add_caption=&#8220;yes&#8220; alignment=&#8220;center&#8220; onclick=&#8220;img_link_large&#8220; css=&#8220;.vc_custom_1645025733023{margin-bottom: 0px !important;border-bottom-width: 0px !important;}&#8220; lightbox=&#8220;yes&#8220; zoom_icon=&#8220;yes&#8220; hover_effect=&#8220;yes&#8220; animation_type=&#8220;bounceIn&#8220;][vc_empty_space][\/vc_column][vc_column width=&#8220;1\/3&#8243; is_section=&#8220;yes&#8220; css=&#8220;.vc_custom_1645020072407{padding-top: 0px !important;background-color: #f4f4f4 !important;}&#8220;][vc_empty_space]<div class=\"porto-sicon-box  vc_custom_1645025479749  wpb_custom_79a38743588ebe08eeb2285cea5ee7f3 style_1 left-icon\" data-appear-animation=\"fadeInUp\" data-appear-animation-delay=\"200\"><div class=\"porto-sicon-body\"><div class=\"porto-sicon-description\" style=\"\">\n<h1 style=\"text-align: center;\">MTI <strong style=\"color: #009640;\">250<\/strong><\/h1>\n<p><\/div> <!-- description --><\/div><\/div><!-- porto-sicon-box -->[vc_empty_space][vc_single_image image=&#8220;3328&#8243; img_size=&#8220;large&#8220; add_caption=&#8220;yes&#8220; alignment=&#8220;center&#8220; onclick=&#8220;img_link_large&#8220; css=&#8220;.vc_custom_1645025644256{margin-bottom: 0px !important;border-bottom-width: 0px !important;}&#8220; lightbox=&#8220;yes&#8220; zoom_icon=&#8220;yes&#8220; hover_effect=&#8220;yes&#8220; animation_type=&#8220;bounceIn&#8220;][vc_empty_space][\/vc_column][vc_column width=&#8220;1\/3&#8243; is_section=&#8220;yes&#8220; css=&#8220;.vc_custom_1645020121281{padding-top: 0px !important;}&#8220;][vc_empty_space]<div class=\"porto-sicon-box  vc_custom_1645025487624  wpb_custom_79a38743588ebe08eeb2285cea5ee7f3 style_1 left-icon\" data-appear-animation=\"fadeInUp\" data-appear-animation-delay=\"200\"><div class=\"porto-sicon-body\"><div class=\"porto-sicon-description\" style=\"\">\n<h1 style=\"text-align: center;\">MTI <strong style=\"color: #009640;\">420<\/strong><\/h1>\n<p><\/div> <!-- description --><\/div><\/div><!-- porto-sicon-box -->[vc_empty_space][vc_single_image image=&#8220;3329&#8243; img_size=&#8220;large&#8220; add_caption=&#8220;yes&#8220; alignment=&#8220;center&#8220; onclick=&#8220;img_link_large&#8220; css=&#8220;.vc_custom_1645025658059{margin-bottom: 0px !important;border-bottom-width: 0px !important;}&#8220; lightbox=&#8220;yes&#8220; zoom_icon=&#8220;yes&#8220; hover_effect=&#8220;yes&#8220; animation_type=&#8220;bounceIn&#8220;][vc_empty_space][\/vc_column][\/vc_row]<\/p>\n<\/div>","protected":false},"excerpt":{"rendered":"<p>[vc_row full_width=&#8220;stretch_row_content&#8220; wrap_container=&#8220;yes&#8220; gap=&#8220;35&#8243; content_placement=&#8220;middle&#8220; css=&#8220;.vc_custom_1713349366391{margin-top: 40px !important;margin-bottom: -30px !important;}&#8220; conditional_render=&#8220;%5B%7B%22value_role%22%3A%22administrator%22%7D%5D&#8220;][vc_column width=&#8220;2\/3&#8243;][\/vc_column][vc_column width=&#8220;1\/3&#8243;][vc_single_image image=&#8220;3323&#8243; img_size=&#8220;full&#8220; alignment=&#8220;center&#8220; onclick=&#8220;img_link_large&#8220; lightbox=&#8220;yes&#8220; zoom_icon=&#8220;yes&#8220; hover_effect=&#8220;yes&#8220; animation_type=&#8220;bounceIn&#8220;][\/vc_column][\/vc_row][vc_row full_width=&#8220;stretch_row_content&#8220; wrap_container=&#8220;yes&#8220; css=&#8220;.vc_custom_1713349375749{margin-top: 30px !important;}&#8220; conditional_render=&#8220;%5B%7B%22value_role%22%3A%22administrator%22%7D%5D&#8220;][vc_column width=&#8220;1\/3&#8243;][vc_single_image image=&#8220;3326&#8243; img_size=&#8220;medium&#8220; alignment=&#8220;center&#8220; style=&#8220;vc_box_border_circle&#8220; onclick=&#8220;img_link_large&#8220; lightbox=&#8220;yes&#8220; zoom_icon=&#8220;yes&#8220;][\/vc_column][vc_column width=&#8220;1\/3&#8243;][vc_single_image image=&#8220;3325&#8243; img_size=&#8220;medium&#8220; alignment=&#8220;center&#8220; style=&#8220;vc_box_border_circle&#8220; onclick=&#8220;img_link_large&#8220; lightbox=&#8220;yes&#8220; zoom_icon=&#8220;yes&#8220;][\/vc_column][vc_column width=&#8220;1\/3&#8243;][vc_single_image image=&#8220;3324&#8243; img_size=&#8220;medium&#8220; alignment=&#8220;center&#8220; style=&#8220;vc_box_border_circle&#8220; onclick=&#8220;img_link_large&#8220; lightbox=&#8220;yes&#8220; zoom_icon=&#8220;yes&#8220;][\/vc_column][\/vc_row][vc_row full_width=&#8220;stretch_row_content_no_spaces&#8220; wrap_container=&#8220;yes&#8220; gap=&#8220;30&#8243; css=&#8220;.vc_custom_1644336369805{background-image: [&hellip;]<\/p>\n","protected":false},"author":1,"featured_media":0,"parent":0,"menu_order":0,"comment_status":"closed","ping_status":"closed","template":"","meta":{"footnotes":""},"class_list":["post-3322","page","type-page","status-publish","hentry"],"_links":{"self":[{"href":"https:\/\/oerrepi.com\/de\/wp-json\/wp\/v2\/pages\/3322","targetHints":{"allow":["GET"]}}],"collection":[{"href":"https:\/\/oerrepi.com\/de\/wp-json\/wp\/v2\/pages"}],"about":[{"href":"https:\/\/oerrepi.com\/de\/wp-json\/wp\/v2\/types\/page"}],"author":[{"embeddable":true,"href":"https:\/\/oerrepi.com\/de\/wp-json\/wp\/v2\/users\/1"}],"replies":[{"embeddable":true,"href":"https:\/\/oerrepi.com\/de\/wp-json\/wp\/v2\/comments?post=3322"}],"version-history":[{"count":2,"href":"https:\/\/oerrepi.com\/de\/wp-json\/wp\/v2\/pages\/3322\/revisions"}],"predecessor-version":[{"id":3784,"href":"https:\/\/oerrepi.com\/de\/wp-json\/wp\/v2\/pages\/3322\/revisions\/3784"}],"wp:attachment":[{"href":"https:\/\/oerrepi.com\/de\/wp-json\/wp\/v2\/media?parent=3322"}],"curies":[{"name":"wp","href":"https:\/\/api.w.org\/{rel}","templated":true}]}}