{"id":3285,"date":"2024-04-17T12:08:32","date_gmt":"2024-04-17T10:08:32","guid":{"rendered":"https:\/\/oerrepi.com\/mtd\/"},"modified":"2025-10-23T15:48:00","modified_gmt":"2025-10-23T13:48:00","slug":"mtd","status":"publish","type":"page","link":"https:\/\/oerrepi.com\/de\/mtd\/","title":{"rendered":"MTD"},"content":{"rendered":"<div class=\"wpb-content-wrapper\"><p>[vc_row wrap_container=&#8220;yes&#8220; gap=&#8220;35&#8243; content_placement=&#8220;middle&#8220; css=&#8220;.vc_custom_1643887835978{margin-top: 40px !important;margin-bottom: -30px !important;}&#8220;][vc_column width=&#8220;2\/3&#8243;]<div class=\"porto-sicon-box  vc_custom_1645804065487  wpb_custom_79a38743588ebe08eeb2285cea5ee7f3 style_1 left-icon\" data-appear-animation=\"fadeInUp\"><div class=\"porto-sicon-body\"><div class=\"porto-sicon-description\" style=\"\">\n<h1><strong style=\"color: #009640;\">MTD <\/strong><br \/>\nDoppelseitige Schleifmaschine<\/h1>\n<h4>Schleifmaschinen f\u00fcr Innen- und Au\u00dfenringe von W\u00e4lzlagern<\/h4>\n<p style=\"text-align: left;\">Die <strong data-start=\"105\" data-end=\"128\">MTD-Schleifmaschine<\/strong> ist daf\u00fcr konzipiert, <strong data-start=\"151\" data-end=\"177\">Planschleifoperationen<\/strong> an verschiedenen <strong data-start=\"195\" data-end=\"209\">Lagertypen<\/strong> durchzuf\u00fchren.<br \/>\n<a class=\"btn btn-outline btn-full-rounded btn-outline-secondary font-weight-bold mt-4\" style=\"padding: 16.5px 38.4px; font-size: 12.8px;\" href=\"https:\/\/oerrepi.com\/de\/kontakt\/\">KONFIGURIERE DEINE MASCHINE<\/a><\/p>\n<p>&nbsp;<\/div> <!-- description --><\/div><\/div><!-- porto-sicon-box -->[\/vc_column][vc_column width=&#8220;1\/3&#8243;][vc_single_image image=&#8220;3286&#8243; img_size=&#8220;full&#8220; alignment=&#8220;center&#8220; onclick=&#8220;img_link_large&#8220; lightbox=&#8220;yes&#8220; zoom_icon=&#8220;yes&#8220; hover_effect=&#8220;yes&#8220; animation_type=&#8220;bounceIn&#8220;][\/vc_column][\/vc_row][vc_row wrap_container=&#8220;yes&#8220; css=&#8220;.vc_custom_1645205377043{margin-top: 30px !important;}&#8220;][vc_column width=&#8220;1\/3&#8243;]<div class=\"porto-sicon-box  vc_custom_1645376856593  wpb_custom_79a38743588ebe08eeb2285cea5ee7f3 style_1 left-icon\" data-appear-animation=\"fadeInUp\"><div class=\"porto-sicon-body\"><div class=\"porto-sicon-description\" style=\"\">\n<h4><strong style=\"color: #009640;\">Erforderliche Werkst\u00fccke<\/strong><\/h4>\n<p>&nbsp;<\/div> <!-- description --><\/div><\/div><!-- porto-sicon-box -->[vc_single_image image=&#8220;3287&#8243; img_size=&#8220;medium&#8220; alignment=&#8220;center&#8220;][\/vc_column][vc_column width=&#8220;1\/3&#8243;][vc_single_image image=&#8220;3294&#8243; img_size=&#8220;medium&#8220; alignment=&#8220;center&#8220; style=&#8220;vc_box_border_circle&#8220; onclick=&#8220;img_link_large&#8220; lightbox=&#8220;yes&#8220; zoom_icon=&#8220;yes&#8220;][\/vc_column][vc_column width=&#8220;1\/3&#8243;][vc_single_image image=&#8220;3295&#8243; img_size=&#8220;medium&#8220; alignment=&#8220;center&#8220; style=&#8220;vc_box_border_circle&#8220; onclick=&#8220;img_link_large&#8220; lightbox=&#8220;yes&#8220; zoom_icon=&#8220;yes&#8220;][\/vc_column][\/vc_row][vc_row full_width=&#8220;stretch_row_content_no_spaces&#8220; wrap_container=&#8220;yes&#8220; gap=&#8220;30&#8243; css=&#8220;.vc_custom_1644336369805{background-image: url(https:\/\/oerrepi.com\/wp-content\/uploads\/2022\/01\/sfondo_grigio-scaled.jpg?id=650) !important;background-position: center !important;background-repeat: no-repeat !important;background-size: cover !important;}&#8220;][vc_column width=&#8220;1\/2&#8243;][vc_empty_space height=&#8220;30px&#8220;]<div class=\"porto-sicon-box  vc_custom_1644335813837  wpb_custom_79a38743588ebe08eeb2285cea5ee7f3 style_1 left-icon\" data-appear-animation=\"fadeInUp\"><div class=\"porto-sicon-body\"><div class=\"porto-sicon-description\" style=\"\">\n<h4><strong style=\"color: #009640;\">Arten der Bearbeitung<\/strong><\/h4>\n<p>&nbsp;<\/div> <!-- description --><\/div><\/div><!-- porto-sicon-box -->[vc_single_image image=&#8220;3291&#8243; img_size=&#8220;large&#8220; onclick=&#8220;link_image&#8220;][\/vc_column][vc_column width=&#8220;1\/2&#8243; css=&#8220;.vc_custom_1644336393202{border-left-width: 50px !important;}&#8220;][vc_empty_space height=&#8220;30px&#8220;]<div class=\"porto-sicon-box  vc_custom_1645020036895  wpb_custom_79a38743588ebe08eeb2285cea5ee7f3 style_1 left-icon\" data-appear-animation=\"fadeInUp\"><div class=\"porto-sicon-body\"><div class=\"porto-sicon-description\" style=\"\">\n<h4><strong style=\"color: #009640;\">Modelle<\/strong><\/h4>\n<p>&nbsp;<\/div> <!-- description --><\/div><\/div><!-- porto-sicon-box -->[vc_column_text css=&#8220;.vc_custom_1761227273441{padding-left: 20px !important;}&#8220; css_params=&#8220;&#8220;]<\/p>\n<table class=\"table\" style=\"width: 50%;\">\n<thead>\n<tr>\n<th style=\"background-color: #009640; text-align: center; border-bottom: none;\" scope=\"col\"><span style=\"color: #ffffff;\">Modell<\/span><\/th>\n<th style=\"background-color: #009640; text-align: center; border-bottom: none;\" colspan=\"2\" scope=\"col\"><span style=\"color: #ffffff;\">Arbeitsbereich<\/span><\/th>\n<\/tr>\n<\/thead>\n<tbody>\n<tr>\n<td style=\"border-bottom: 1px solid #000;\"><\/td>\n<td style=\"border-bottom: 1px solid #000;\"><strong>\u00d8 Au\u00dfen<\/strong><\/td>\n<td style=\"border-bottom: 1px solid #000;\"><strong>Breite<\/strong><\/td>\n<\/tr>\n<tr>\n<td><strong>MTD 300<\/strong><\/td>\n<td>\u00d820-100<\/td>\n<td>5-50<\/td>\n<\/tr>\n<tr>\n<td><strong>MTD 600<\/strong><\/td>\n<td>\u00d850-460<\/td>\n<td>5-200<\/td>\n<\/tr>\n<tr style=\"background-color: #ffc800;\">\n<td><strong>MTD 760<\/strong><\/td>\n<td style=\"text-align: left;\">\u00d885-460<\/td>\n<td style=\"text-align: left;\">20-200<\/td>\n<\/tr>\n<tr style=\"background-color: #ffc800;\">\n<td><strong>MTD 915<\/strong><\/td>\n<td style=\"text-align: left;\">\u00d8250-750<\/td>\n<td style=\"text-align: left;\">20-250<\/td>\n<\/tr>\n<\/tbody>\n<\/table>\n<div style=\"background-color: #ffc800; color: #000000; font-weight: bold; text-align: center; padding: 10px; margin-top: 10px; border-radius: 5px; width: 50%;\">NEUE MODELLE<\/div>\n<div style=\"border: 1px solid #cccccc; border-radius: 5px; padding: 10px; margin-top: -1px; width: 50%;\">Die Modelle <strong data-start=\"12\" data-end=\"23\">MTD 760<\/strong> und <strong data-start=\"28\" data-end=\"39\">MTD 915<\/strong> sind die <strong data-start=\"49\" data-end=\"66\">neuen Zug\u00e4nge<\/strong> im Maschinenportfolio von <strong data-start=\"93\" data-end=\"107\">O.ERRE.PI.<\/strong><br data-start=\"107\" data-end=\"110\" \/>Mit diesen neuen Modellen k\u00f6nnen wir die Anforderungen von Kunden erf\u00fcllen, die Frontschleifoperationen mit kontinuierlichem Vorschub und gro\u00dfdimensionierten Werkst\u00fccken ben\u00f6tigen<\/div>\n<p>&nbsp;[\/vc_column_text][\/vc_column][\/vc_row][vc_row full_width=&#8220;stretch_row_content_no_spaces&#8220; equal_height=&#8220;yes&#8220; content_placement=&#8220;middle&#8220; parallax=&#8220;content-moving&#8220; parallax_image=&#8220;1204&#8243; parallax_speed_bg=&#8220;3&#8243; el_class=&#8220;p-0&#8243;][vc_column][vc_single_image image=&#8220;3225&#8243; img_size=&#8220;full&#8220; add_caption=&#8220;yes&#8220; alignment=&#8220;center&#8220; css=&#8220;.vc_custom_1643795599832{margin-top: -35px !important;padding-top: 0px !important;padding-bottom: 0px !important;}&#8220;][\/vc_column][\/vc_row][vc_row full_width=&#8220;stretch_row_content_no_spaces&#8220;][vc_column width=&#8220;1\/3&#8243; is_section=&#8220;yes&#8220; css=&#8220;.vc_custom_1645011009028{padding-top: 0px !important;background-color: #f4f4f4 !important;}&#8220;][vc_empty_space]<div class=\"porto-sicon-box  vc_custom_1645009889957  wpb_custom_79a38743588ebe08eeb2285cea5ee7f3 style_1 left-icon\" data-appear-animation=\"fadeInUp\" data-appear-animation-delay=\"200\"><div class=\"porto-sicon-body\"><div class=\"porto-sicon-description\" style=\"\">\n<h1 style=\"text-align: center;\">MTD <strong style=\"color: #009640;\">100<\/strong> &#8211; <strong style=\"color: #009640;\">150<\/strong><\/h1>\n<p>&nbsp;<\/div> <!-- description --><\/div><\/div><!-- porto-sicon-box -->[vc_empty_space][vc_single_image image=&#8220;3296&#8243; img_size=&#8220;large&#8220; add_caption=&#8220;yes&#8220; alignment=&#8220;center&#8220; onclick=&#8220;img_link_large&#8220; css=&#8220;.vc_custom_1645011278806{margin-bottom: 0px !important;border-bottom-width: 0px !important;}&#8220; lightbox=&#8220;yes&#8220; zoom_icon=&#8220;yes&#8220; hover_effect=&#8220;yes&#8220; animation_type=&#8220;bounceIn&#8220;][vc_empty_space][\/vc_column][vc_column width=&#8220;1\/3&#8243; is_section=&#8220;yes&#8220; css=&#8220;.vc_custom_1645020072407{padding-top: 0px !important;background-color: #f4f4f4 !important;}&#8220;][vc_empty_space]<div class=\"porto-sicon-box  vc_custom_1645011046899  wpb_custom_79a38743588ebe08eeb2285cea5ee7f3 style_1 left-icon\" data-appear-animation=\"fadeInUp\" data-appear-animation-delay=\"200\"><div class=\"porto-sicon-body\"><div class=\"porto-sicon-description\" style=\"\">\n<h1 style=\"text-align: center;\">MTD <strong style=\"color: #009640;\">250<\/strong><\/h1>\n<p>&nbsp;<\/div> <!-- description --><\/div><\/div><!-- porto-sicon-box -->[vc_empty_space][vc_single_image image=&#8220;3297&#8243; img_size=&#8220;large&#8220; add_caption=&#8220;yes&#8220; alignment=&#8220;center&#8220; onclick=&#8220;img_link_large&#8220; css=&#8220;.vc_custom_1645020384082{margin-bottom: 0px !important;border-bottom-width: 0px !important;}&#8220; lightbox=&#8220;yes&#8220; zoom_icon=&#8220;yes&#8220; hover_effect=&#8220;yes&#8220; animation_type=&#8220;bounceIn&#8220;][vc_empty_space][\/vc_column][vc_column width=&#8220;1\/3&#8243; is_section=&#8220;yes&#8220; css=&#8220;.vc_custom_1645020121281{padding-top: 0px !important;}&#8220;][vc_empty_space]<div class=\"porto-sicon-box  vc_custom_1645020142427  wpb_custom_79a38743588ebe08eeb2285cea5ee7f3 style_1 left-icon\" data-appear-animation=\"fadeInUp\" data-appear-animation-delay=\"200\"><div class=\"porto-sicon-body\"><div class=\"porto-sicon-description\" style=\"\">\n<h1 style=\"text-align: center;\">MTD <strong style=\"color: #009640;\">300<\/strong><\/h1>\n<p>&nbsp;<\/div> <!-- description --><\/div><\/div><!-- porto-sicon-box -->[vc_empty_space][vc_single_image image=&#8220;3298&#8243; img_size=&#8220;large&#8220; add_caption=&#8220;yes&#8220; alignment=&#8220;center&#8220; onclick=&#8220;img_link_large&#8220; css=&#8220;.vc_custom_1645020156579{margin-bottom: 0px !important;border-bottom-width: 0px !important;}&#8220; lightbox=&#8220;yes&#8220; zoom_icon=&#8220;yes&#8220; hover_effect=&#8220;yes&#8220; animation_type=&#8220;bounceIn&#8220;][vc_empty_space][\/vc_column][\/vc_row]<\/p>\n<\/div>","protected":false},"excerpt":{"rendered":"<p>[vc_row wrap_container=&#8220;yes&#8220; gap=&#8220;35&#8243; content_placement=&#8220;middle&#8220; css=&#8220;.vc_custom_1643887835978{margin-top: 40px !important;margin-bottom: -30px !important;}&#8220;][vc_column width=&#8220;2\/3&#8243;][\/vc_column][vc_column width=&#8220;1\/3&#8243;][vc_single_image image=&#8220;3286&#8243; img_size=&#8220;full&#8220; alignment=&#8220;center&#8220; onclick=&#8220;img_link_large&#8220; lightbox=&#8220;yes&#8220; zoom_icon=&#8220;yes&#8220; hover_effect=&#8220;yes&#8220; animation_type=&#8220;bounceIn&#8220;][\/vc_column][\/vc_row][vc_row wrap_container=&#8220;yes&#8220; css=&#8220;.vc_custom_1645205377043{margin-top: 30px !important;}&#8220;][vc_column width=&#8220;1\/3&#8243;][vc_single_image image=&#8220;3287&#8243; img_size=&#8220;medium&#8220; alignment=&#8220;center&#8220;][\/vc_column][vc_column width=&#8220;1\/3&#8243;][vc_single_image image=&#8220;3294&#8243; img_size=&#8220;medium&#8220; alignment=&#8220;center&#8220; style=&#8220;vc_box_border_circle&#8220; onclick=&#8220;img_link_large&#8220; lightbox=&#8220;yes&#8220; zoom_icon=&#8220;yes&#8220;][\/vc_column][vc_column width=&#8220;1\/3&#8243;][vc_single_image image=&#8220;3295&#8243; img_size=&#8220;medium&#8220; alignment=&#8220;center&#8220; style=&#8220;vc_box_border_circle&#8220; onclick=&#8220;img_link_large&#8220; lightbox=&#8220;yes&#8220; zoom_icon=&#8220;yes&#8220;][\/vc_column][\/vc_row][vc_row full_width=&#8220;stretch_row_content_no_spaces&#8220; wrap_container=&#8220;yes&#8220; gap=&#8220;30&#8243; css=&#8220;.vc_custom_1644336369805{background-image: url(https:\/\/oerrepi.com\/wp-content\/uploads\/2022\/01\/sfondo_grigio-scaled.jpg?id=650) !important;background-position: center !important;background-repeat: no-repeat !important;background-size: cover !important;}&#8220;][vc_column [&hellip;]<\/p>\n","protected":false},"author":1,"featured_media":0,"parent":0,"menu_order":0,"comment_status":"closed","ping_status":"closed","template":"","meta":{"footnotes":""},"class_list":["post-3285","page","type-page","status-publish","hentry"],"_links":{"self":[{"href":"https:\/\/oerrepi.com\/de\/wp-json\/wp\/v2\/pages\/3285","targetHints":{"allow":["GET"]}}],"collection":[{"href":"https:\/\/oerrepi.com\/de\/wp-json\/wp\/v2\/pages"}],"about":[{"href":"https:\/\/oerrepi.com\/de\/wp-json\/wp\/v2\/types\/page"}],"author":[{"embeddable":true,"href":"https:\/\/oerrepi.com\/de\/wp-json\/wp\/v2\/users\/1"}],"replies":[{"embeddable":true,"href":"https:\/\/oerrepi.com\/de\/wp-json\/wp\/v2\/comments?post=3285"}],"version-history":[{"count":16,"href":"https:\/\/oerrepi.com\/de\/wp-json\/wp\/v2\/pages\/3285\/revisions"}],"predecessor-version":[{"id":3821,"href":"https:\/\/oerrepi.com\/de\/wp-json\/wp\/v2\/pages\/3285\/revisions\/3821"}],"wp:attachment":[{"href":"https:\/\/oerrepi.com\/de\/wp-json\/wp\/v2\/media?parent=3285"}],"curies":[{"name":"wp","href":"https:\/\/api.w.org\/{rel}","templated":true}]}}